{"id":509,"date":"2023-01-02T21:06:26","date_gmt":"2023-01-02T20:06:26","guid":{"rendered":"https:\/\/tomaszdauerman.eu\/polityka-prywatnosci\/"},"modified":"2023-03-16T22:33:36","modified_gmt":"2023-03-16T21:33:36","slug":"polityka-prywatnosci","status":"publish","type":"page","link":"https:\/\/tomaszdauerman.eu\/en\/polityka-prywatnosci\/","title":{"rendered":"Polityka prywatno\u015bci"},"content":{"rendered":"\n<div class=\"container\">\r\n<h2 class=\"pageTitle wp-block-heading\">Polityka prywatno\u015bci<\/h2>\r\n<p>&nbsp;<\/p>\r\n<\/div>\r\n<div class=\"container\">\r\n<div class=\"textColumns-content\">\r\n<ol>\r\n<li><strong>Zakres obowi\u0105zywania<\/strong>\r\n<ol>\r\n<li>\r\n<p align=\"justify\">Administratorem Danych Osobowych jest\u00a0<strong>Kancelaria Radcy Prawnego Tomasz Dauerman<\/strong>, 53-332 Wroc\u0142aw, ul. Powsta\u0144c\u00f3w \u015al\u0105skich 9, NIP: 886-135-98-30, e-mail:\u00a0info@dauerman.com.pl, tel. +48 71 784-77-83 (lub -84) (dalej:\u00a0<strong>Administrator, ADO<\/strong>).<\/p>\r\n<\/li>\r\n<li>Celem niniejszej Polityki Prywatno\u015bci jest okre\u015blenie dzia\u0142a\u0144 podejmowanych przez Administratora w zakresie ochrony danych osobowych przetwarzanych, w tym zbieranych za po\u015brednictwem strony internetowej\u00a0<a href=\"http:\/\/www.dauerman.com.pl\/\">http:\/\/www.dauerman.com.pl<\/a><\/li>\r\n<li>Dane osobowe to wszelkie informacje, kt\u00f3re mog\u0105 Ci\u0119 identyfikowa\u0107, na przyk\u0142ad Twoje imi\u0119 i nazwisko, numer telefonu i adres poczty elektronicznej przekazywane przez Ciebie za pomoc\u0105 formularzy kontaktowych i formularzy zg\u0142osze\u0144. Kiedy w poni\u017cszym dokumencie odwo\u0142ujemy si\u0119 do terminu \u201eprzetwarza\u0107\u201d albo \u201eprzetwarzanie\u201d, mamy na my\u015bli wszelkie czynno\u015bci i operacje wykonywane na Twoich danych osobowych (np. ich przechowywanie czy analizowanie na potrzeby \u015bwiadczenia Ci us\u0142ugi).<\/li>\r\n<\/ol>\r\n<\/li>\r\n<li><strong>Informacje dotycz\u0105ce ADO<\/strong><br \/>\r\n<ol>\r\n<li>Kontakt z ADO mo\u017ce si\u0119 odbywa\u0107 poczt\u0105 tradycyjn\u0105 na adres siedziby, mailowo lub telefonicznie. Dane kontaktowe wskazane zosta\u0142y w pkt. 1.1 niniejszej Polityki Prywatno\u015bci.<\/li>\r\n<\/ol>\r\n<\/li>\r\n<li><strong>Cel, podstawa prawna i zasady przetwarzania danych osobowych<\/strong><br \/>\r\n<ol>\r\n<li>Dane osobowe os\u00f3b fizycznych korzystaj\u0105cych z formularzy kontaktowych i formularzy zg\u0142osze\u0144 (dalej zwanymi:\u00a0<strong>U\u017cytkownikami<\/strong>) przetwarzane s\u0105 w celu:\r\n<ol>\r\n<li>zawarcia i wykonywania um\u00f3w w ramach us\u0142ug prowadzonych przez ADO (art. 6 ust. 1 lit. b) RODO);<\/li>\r\n<li>prowadzenia dzia\u0142a\u0144 marketingu bezpo\u015bredniego w formie e-mailowego newslettera, na podstawie udzielonej zgody (art. 6 ust. 1 lit. a) RODO);<\/li>\r\n<li>udzielenia odpowiedzi na przedstawione zagadnienie, co stanowi nasz prawnie uzasadniony interes (art. 6 ust. 1 lit. f) RODO);<\/li>\r\n<li>ewentualnego ustalenia, dochodzenia lub obrony przed roszczeniami, co stanowi nasz prawnie uzasadniony interes (art. 6 ust. 1 lit. f) RODO).<\/li>\r\n<\/ol>\r\n<\/li>\r\n<li>Dane osobowe przetwarzane s\u0105 przez nast\u0119puj\u0105cy okres:\r\n<ol>\r\n<li>w celu zawarcia i wykonywania umowy \u2013 przez okres prowadzenia negocjacji oraz trwania umowy, a po jej ustaniu do up\u0142ywu okres\u00f3w przedawnienia wszelkich roszcze\u0144 z niej wynikaj\u0105cych,<\/li>\r\n<li>w celu prowadzenie dzia\u0142a\u0144 marketingu bezpo\u015bredniego w formie e-mailowego newslettera \u2013 do czasu cofni\u0119cia zgody przez U\u017cytkownika,<\/li>\r\n<li>w celu udzielenia odpowiedzi na przedstawione zagadnienie &#8211; do czasu za\u0142atwienia sprawy, w kt\u00f3rej zosta\u0142y zebrane.<\/li>\r\n<\/ol>\r\n<\/li>\r\n<li>Podanie danych osobowych w celu, o kt\u00f3rym mowa w pkt. 3.1 lit. a) jest dobrowolne jednak\u017ce jest warunkiem zawarcia umowy. W przypadku niepodania danych mo\u017cemy odm\u00f3wi\u0107 z\u0142o\u017cenia Tobie oferty i zawarcia umowy.|<br \/>Podanie danych osobowych w celu, o kt\u00f3rym mowa w pkt. 3.1. lit. b), c) jest dobrowolne. Je\u017celi nie podasz danych lub nie wyrazisz zgody nie b\u0119dziemy mogli w przysz\u0142o\u015bci informowa\u0107 Ci\u0119 bezpo\u015brednio o naszej bie\u017c\u0105cej ofercie lub udzieli\u0107 odpowiedzi na przedstawione zagadnienia.<\/li>\r\n<li>Dane osobowe U\u017cytkownik\u00f3w nie s\u0105 przekazywane poza teren Polski, Unii Europejskiej i Europejskiego Obszaru Gospodarczego.<\/li>\r\n<li>Dane osobowe u\u017cytkownik\u00f3w nie s\u0105 powierzane przez ADO do przetwarzania \u017cadnym podmiotom. Dane osobowe mog\u0105 by\u0107 tak\u017ce udost\u0119pnione: odpowiednim organom pa\u0144stwowym na ich \u017c\u0105danie na podstawie odpowiednich przepis\u00f3w prawa.<\/li>\r\n<\/ol>\r\n<\/li>\r\n<li><strong>Prawa osoby, kt\u00f3rej dane dotycz\u0105<\/strong><br \/>\r\n<ol>\r\n<li>Ka\u017cdy U\u017cytkownik ma prawo dost\u0119pu do tre\u015bci swoich danych i otrzymania ich kopii, ich sprostowania, usuni\u0119cia lub ograniczenia przetwarzania, prawo do wniesienia sprzeciwu wobec przetwarzania danych osobowych na podstawie prawnie uzasadnionego interesu oraz prawo do przenoszenia danych.<\/li>\r\n<li>Je\u017celi przetwarzanie odbywa si\u0119 na podstawie zgody, U\u017cytkownik ma prawo cofn\u0105\u0107 zgod\u0119 na przetwarzanie danych osobowych. Cofni\u0119cie zgody nie b\u0119dzie wp\u0142ywa\u0107 na zgodno\u015b\u0107 z prawem przetwarzania, kt\u00f3rego dokonano na podstawie zgody przed jej wycofaniem.<\/li>\r\n<li>U\u017cytkownik ma prawo do wniesienia skargi do Prezesa Urz\u0119du Ochrony Danych Osobowych, gdy uzna, i\u017c przetwarzanie danych osobowych narusza przepisy RODO lub inne przepisy prawa o ochronie danych osobowych.<\/li>\r\n<li>W przedmiocie realizacji swoich praw oraz cofni\u0119cia zgody mo\u017cna skontaktowa\u0107 si\u0119 z ADO przy u\u017cyciu danych wskazanych w pkt 1.1 niniejszej Polityki Prywatno\u015bci.<\/li>\r\n<\/ol>\r\n<\/li>\r\n<li><strong>Cookies<\/strong><br \/>\r\n<ol>\r\n<li>Ciasteczka (ang. cookies) to niewielkie pliki, zapisywane i przechowywane na twoim komputerze, tablecie lub smartphonie podczas gdy odwiedzasz r\u00f3\u017cne strony w internecie. Ciasteczko zazwyczaj zawiera nazw\u0119 strony internetowej, z kt\u00f3rej pochodzi, \u201ed\u0142ugo\u015b\u0107 \u017cycia\u201d ciasteczka (to znaczy czas jego istnienia), oraz przypadkowo wygenerowany unikalny numer s\u0142u\u017c\u0105cy do identyfikacji przegl\u0105darki, z jakiej nast\u0119puje po\u0142\u0105czenie ze stron\u0105 internetow\u0105.<\/li>\r\n<li>W zwi\u0105zku z udost\u0119pnianiem zawarto\u015bci strony internetowej\u00a0dauerman.com.pl stosuje si\u0119\u00a0 tzw. cookies, tj. informacje zapisywane przez serwery na urz\u0105dzeniu ko\u0144cowym u\u017cytkownika, kt\u00f3re serwery mog\u0105 odczyta\u0107 przy ka\u017cdorazowym po\u0142\u0105czeniu si\u0119 z tego urz\u0105dzenia ko\u0144cowego, mo\u017ce tak\u017ce u\u017cywa\u0107 innych technologii o funkcjach podobnych lub to\u017csamych z cookies. Opisane w niniejszym punkcie Polityki Prywatno\u015bci, informacje dotycz\u0105ce cookies maj\u0105 zastosowanie r\u00f3wnie\u017c do innych podobnych technologii stosowanych w ramach naszych stron internetowych. Pliki cookies (tzw.&#8221;ciasteczka&#8221;) stanowi\u0105 dane informatyczne, w szczeg\u00f3lno\u015bci pliki tekstowe, kt\u00f3re przechowywane s\u0105 w urz\u0105dzeniu ko\u0144cowym u\u017cytkownika strony internetowej\u00a0dauerman.com.pl. Cookies zazwyczaj zawieraj\u0105 nazw\u0119 domeny strony internetowej, z kt\u00f3rego pochodz\u0105, czas przechowywania ich na urz\u0105dzeniu ko\u0144cowym oraz unikalny numer.<\/li>\r\n<li>\r\n<p align=\"justify\">Pliki cookies wykorzystywane s\u0105 w celu:<\/p>\r\n<ol>\r\n<li>\r\n<p align=\"justify\">tworzenia statystyk, kt\u00f3re pomagaj\u0105 zrozumie\u0107, w jaki spos\u00f3b u\u017cytkownicy strony korzystaj\u0105 ze stron internetowych, co umo\u017cliwia ulepszanie ich struktury i zawarto\u015bci,<\/p>\r\n<\/li>\r\n<li>\r\n<p align=\"justify\">utrzymania sesji u\u017cytkownika strony internetowej (po zalogowaniu), dzi\u0119ki kt\u00f3rej u\u017cytkownik nie musi na ka\u017cdej podstronie strony internetowej ponownie wpisywa\u0107 loginu i has\u0142a,<\/p>\r\n<\/li>\r\n<\/ol>\r\n<\/li>\r\n<li>\r\n<p align=\"justify\">W ramach strony internetowej dauerman.com.pl mo\u017cemy stosowa\u0107 nast\u0119puj\u0105ce rodzaje plik\u00f3w cookies:<\/p>\r\n<ol>\r\n<li>\r\n<p align=\"justify\">&#8220;niezb\u0119dne&#8221; pliki cookies, umo\u017cliwiaj\u0105ce korzystanie z us\u0142ug dost\u0119pnych w ramach strony internetowej, np. uwierzytelniaj\u0105ce pliki cookies wykorzystywane do us\u0142ug wymagaj\u0105cych uwierzytelniania w ramach strony,<\/p>\r\n<\/li>\r\n<li>\r\n<p align=\"justify\">pliki cookies s\u0142u\u017c\u0105ce do zapewnienia bezpiecze\u0144stwa, np. wykorzystywane do wykrywania nadu\u017cy\u0107 w zakresie uwierzytelniania w ramach strony,<\/p>\r\n<\/li>\r\n<li>\r\n<p align=\"justify\">pliki cookies, umo\u017cliwiaj\u0105ce zbieranie informacji o sposobie korzystania ze stron internetowych.<\/p>\r\n<\/li>\r\n<\/ol>\r\n<\/li>\r\n<li>\r\n<p align=\"justify\">W wielu przypadkach oprogramowanie s\u0142u\u017c\u0105ce do przegl\u0105dania stron internetowych (przegl\u0105darka internetowa) domy\u015blnie dopuszcza przechowywanie plik\u00f3w cookies w urz\u0105dzeniu ko\u0144cowym u\u017cytkownika. U\u017cytkownicy strony dauerman.com.pl mog\u0105 dokona\u0107 w ka\u017cdym czasie zmiany ustawie\u0144 dotycz\u0105cych plik\u00f3w cookies. Ustawienia te mog\u0105 zosta\u0107 zmienione w szczeg\u00f3lno\u015bci w taki spos\u00f3b, aby blokowa\u0107 automatyczn\u0105 obs\u0142ug\u0119 plik\u00f3w cookies w ustawieniach przegl\u0105darki internetowej b\u0105d\u017a informowa\u0107 o ich ka\u017cdorazowym zamieszczeniu w urz\u0105dzeniu u\u017cytkownika strony internetowej. Szczeg\u00f3\u0142owe informacje o mo\u017cliwo\u015bci i sposobach obs\u0142ugi plik\u00f3w cookies dost\u0119pne s\u0105 w ustawieniach oprogramowania (przegl\u0105darki internetowej). Niedokonanie zmiany ustawie\u0144 w zakresie cookies oznacza, \u017ce b\u0119d\u0105 one zamieszczone w urz\u0105dzeniu ko\u0144cowym u\u017cytkownika, a tym samym b\u0119dziemy przechowywa\u0107 informacje w urz\u0105dzeniu ko\u0144cowym u\u017cytkownika i uzyskiwa\u0107 dost\u0119p do tych informacji.<\/p>\r\n<\/li>\r\n<li>\r\n<p align=\"justify\">Wy\u0142\u0105czenie stosowania cookies mo\u017ce spowodowa\u0107 utrudnienia korzystanie z niekt\u00f3rych us\u0142ug w ramach naszych strony internetowej, w szczeg\u00f3lno\u015bci wymagaj\u0105cych logowania. Wy\u0142\u0105czenie opcji przyjmowania cookies nie powoduje natomiast braku mo\u017cliwo\u015bci czytania lub ogl\u0105dania tre\u015bci zamieszczanych na stronie internetowej dauerman.com.pl z zastrze\u017ceniem tych, do kt\u00f3rych dost\u0119p wymaga logowania. Poni\u017cej informacja jak wy\u0142\u0105czy\u0107 pliki cookie w przegl\u0105darce:<br \/>Jak wy\u0142\u0105czy\u0107 pliki cookie w przegl\u0105darce ?<\/p>\r\n<ul>\r\n<li><u><a href=\"http:\/\/help.opera.com\/Windows\/12.10\/pl\/cookies.html\" target=\"_blank\" rel=\"noopener\">Przegl\u0105darka Opera<\/a><\/u><\/li>\r\n<li><u><a href=\"http:\/\/support.mozilla.org\/pl\/kb\/W%C5%82%C4%85czanie%20i%20wy%C5%82%C4%85czanie%20obs%C5%82ugi%20ciasteczek\" target=\"_blank\" rel=\"noopener\">Przegl\u0105darka Firefox<\/a><\/u><\/li>\r\n<li><u><a href=\"http:\/\/support.google.com\/chrome\/bin\/answer.py?hl=pl&amp;answer=95647\" target=\"_blank\" rel=\"noopener\">Przegl\u0105darka Chrome<\/a><\/u><\/li>\r\n<li><u><a href=\"http:\/\/windows.microsoft.com\/pl-pl\/windows7\/block-enable-or-allow-cookies\" target=\"_blank\" rel=\"noopener\">Przegl\u0105darka Internet Explorer<\/a><\/u><\/li>\r\n<li><u><a href=\"http:\/\/support.apple.com\/kb\/PH5042\" target=\"_blank\" rel=\"noopener\">Przegl\u0105darka Safari<\/a><\/u><\/li>\r\n<\/ul>\r\n<\/li>\r\n<\/ol>\r\n<\/li>\r\n<li><strong>Postanowienia ko\u0144cowe<\/strong>\r\n<ol>\r\n<li>ADO dok\u0142ada wszelkich stara\u0144, aby zapewni\u0107 wszelkie \u015brodki fizyczne, techniczne i organizacyjne ochrony danych osobowych przed ich przypadkowym czy umy\u015blnym zniszczeniem, przypadkow\u0105 utrat\u0105, zmian\u0105, nieuprawnionym ujawnieniem, wykorzystaniem czy dost\u0119pem, zgodnie ze wszystkimi obowi\u0105zuj\u0105cymi przepisami.<\/li>\r\n<li>ADO zastrzega sobie prawo do zmiany tre\u015bci niniejszej Polityki Prywatno\u015bci.<\/li>\r\n<\/ol>\r\n<\/li>\r\n<\/ol>\r\n<\/div>\r\n<\/div>\n","protected":false},"excerpt":{"rendered":"<p>Polityka prywatno\u015bci &nbsp; Zakres obowi\u0105zywania Administratorem Danych Osobowych jest\u00a0Kancelaria Radcy Prawnego Tomasz Dauerman, 53-332 Wroc\u0142aw, ul. Powsta\u0144c\u00f3w \u015al\u0105skich 9, NIP: 886-135-98-30, e-mail:\u00a0info@dauerman.com.pl, tel. +48 71 784-77-83 (lub -84) (dalej:\u00a0Administrator, ADO)&#8230;.<\/p>\n","protected":false},"author":1,"featured_media":0,"parent":0,"menu_order":0,"comment_status":"closed","ping_status":"open","template":"","meta":{"footnotes":""},"class_list":["post-509","page","type-page","status-publish"],"_links":{"self":[{"href":"https:\/\/tomaszdauerman.eu\/en\/wp-json\/wp\/v2\/pages\/509","targetHints":{"allow":["GET"]}}],"collection":[{"href":"https:\/\/tomaszdauerman.eu\/en\/wp-json\/wp\/v2\/pages"}],"about":[{"href":"https:\/\/tomaszdauerman.eu\/en\/wp-json\/wp\/v2\/types\/page"}],"author":[{"embeddable":true,"href":"https:\/\/tomaszdauerman.eu\/en\/wp-json\/wp\/v2\/users\/1"}],"replies":[{"embeddable":true,"href":"https:\/\/tomaszdauerman.eu\/en\/wp-json\/wp\/v2\/comments?post=509"}],"version-history":[{"count":1,"href":"https:\/\/tomaszdauerman.eu\/en\/wp-json\/wp\/v2\/pages\/509\/revisions"}],"predecessor-version":[{"id":511,"href":"https:\/\/tomaszdauerman.eu\/en\/wp-json\/wp\/v2\/pages\/509\/revisions\/511"}],"wp:attachment":[{"href":"https:\/\/tomaszdauerman.eu\/en\/wp-json\/wp\/v2\/media?parent=509"}],"curies":[{"name":"wp","href":"https:\/\/api.w.org\/{rel}","templated":true}]}}